{"id":15,"date":"2020-08-25T18:30:39","date_gmt":"2020-08-25T21:30:39","guid":{"rendered":"https:\/\/centromedicoglicerio.com.br\/?page_id=15"},"modified":"2020-09-02T09:48:58","modified_gmt":"2020-09-02T12:48:58","slug":"a-clinica","status":"publish","type":"page","link":"https:\/\/centromedicoglicerio.com.br\/index.php\/a-clinica\/","title":{"rendered":"A Cl\u00ednica"},"content":{"rendered":"\n<div class=\"wp-block-image\"><figure class=\"aligncenter size-large\"><img loading=\"lazy\" width=\"256\" height=\"197\" src=\"https:\/\/centromedicoglicerio.com.br\/wp-content\/uploads\/2020\/09\/download-2.jpg\" alt=\"\" class=\"wp-image-110\"\/><\/figure><\/div>\n\n\n\n<p> O Centro M\u00e9dico Glic\u00e9rio \u00e9 uma cl\u00ednica voltada para a sa\u00fade integral de nossos pacientes. Nossa equipe \u00e9 formada por profissionais de diversas especialidades, altamente qualificados e atualizados, comprometidos com a preven\u00e7\u00e3o e tratamento de patologias. A miss\u00e3o da nossa equipe \u00e9 promover o bem estar de nossos pacientes e familiares, pautados na \u00e9tica e legisla\u00e7\u00e3o vigente em nosso Pa\u00eds. <\/p>\n\n\n\n<p><strong>M\u00e9dico Respons\u00e1vel: Dr. C\u00e1ssio Arruda Soares <br><em>CRM SP-78915 <\/em><\/strong><\/p>\n\n\n\n<br\/><h4 style=\"color:#59a622;\">Agendamento de Consultas<\/h4>\n\n\n\n<p>Hor\u00e1rio de Atendimento: de Segunda a Sexta das 07h30 \u00e0s 19h. <br>Telefone: 19. 3233-5780 | 19. 2117-7660 | <br>E-mail: contato@centromedicoglicerio.com.br <br>Endere\u00e7o: Avenida Francisco Glic\u00e9rio, 2331, Sala 14 | 13012-000 \u2013 Campinas \u2013 SP\u00a0<\/p>\n","protected":false},"excerpt":{"rendered":"<p>O Centro M\u00e9dico Glic\u00e9rio \u00e9 uma cl\u00ednica voltada para a sa\u00fade integral de nossos pacientes. Nossa equipe \u00e9 formada por profissionais de diversas especialidades, altamente qualificados e atualizados, comprometidos com a preven\u00e7\u00e3o e tratamento de patologias. A miss\u00e3o da nossa equipe \u00e9 promover o bem estar de nossos pacientes e familiares, pautados na \u00e9tica e [&hellip;]<\/p>\n","protected":false},"author":1,"featured_media":0,"parent":0,"menu_order":0,"comment_status":"closed","ping_status":"closed","template":"templates\/template_page-full-width.php","meta":[],"_links":{"self":[{"href":"https:\/\/centromedicoglicerio.com.br\/index.php\/wp-json\/wp\/v2\/pages\/15"}],"collection":[{"href":"https:\/\/centromedicoglicerio.com.br\/index.php\/wp-json\/wp\/v2\/pages"}],"about":[{"href":"https:\/\/centromedicoglicerio.com.br\/index.php\/wp-json\/wp\/v2\/types\/page"}],"author":[{"embeddable":true,"href":"https:\/\/centromedicoglicerio.com.br\/index.php\/wp-json\/wp\/v2\/users\/1"}],"replies":[{"embeddable":true,"href":"https:\/\/centromedicoglicerio.com.br\/index.php\/wp-json\/wp\/v2\/comments?post=15"}],"version-history":[{"count":11,"href":"https:\/\/centromedicoglicerio.com.br\/index.php\/wp-json\/wp\/v2\/pages\/15\/revisions"}],"predecessor-version":[{"id":111,"href":"https:\/\/centromedicoglicerio.com.br\/index.php\/wp-json\/wp\/v2\/pages\/15\/revisions\/111"}],"wp:attachment":[{"href":"https:\/\/centromedicoglicerio.com.br\/index.php\/wp-json\/wp\/v2\/media?parent=15"}],"curies":[{"name":"wp","href":"https:\/\/api.w.org\/{rel}","templated":true}]}}